{"id":10285,"date":"2023-12-18T08:39:41","date_gmt":"2023-12-18T08:39:41","guid":{"rendered":"https:\/\/unitedspaces.com\/?page_id=10285"},"modified":"2026-03-12T11:13:54","modified_gmt":"2026-03-12T11:13:54","slug":"booking-policy-external-client","status":"publish","type":"page","link":"https:\/\/unitedspaces.com\/sv\/booking-policy-external-client","title":{"rendered":"Bokningsvillkor Extern Kund"},"content":{"rendered":"\n<section class=\"wp-block-noor-blocks-section nb-section position-relative  pt-144 pb-96 pt-md-176 pt-lg-256 pb-lg-144 bg-light-red\">\n<div class=\"wp-block-noor-blocks-container nb-container container-fluid\">\n<div class=\"wp-block-noor-blocks-row nb-row row\">\n<div class=\"wp-block-noor-blocks-column col nb-column col-12 col-lg-6\">\n<h1 class=\"wp-block-noor-blocks-heading nb-heading nb-heading-h1 mb-32 mb-lg-0  content-animation\">Bokningsvillkor Extern Kund<\/h1>\n<\/div>\n\n\n\n<div class=\"wp-block-noor-blocks-column col nb-column col-12 col-lg-4\"><\/div>\n<\/div>\n<\/div>\n<\/section>\n\n\n\n<section class=\"wp-block-noor-blocks-section nb-section position-relative  py-64 py-lg-96\">\n<div class=\"wp-block-noor-blocks-container nb-container container-fluid\">\n<div class=\"wp-block-noor-blocks-row nb-row row\">\n<div class=\"wp-block-noor-blocks-column col nb-column col-12 col-lg-6 offset-lg-3\">\n<p class=\"wp-block-noor-blocks-paragraph nb-paragraph mx-0 mt-0 mb-32  text-off-black kicker\">bokningsvillkor  extern kund<\/p>\n\n\n\n<h4 class=\"wp-block-noor-blocks-heading nb-heading nb-heading-h4  pb-24\">Introduktion<\/h4>\n\n\n\n<p>Bokningen g\u00e4ller f\u00f6rutsatt att bokningen bekr\u00e4ftats inom en vecka.<\/p>\n\n\n\n<p>Bekr\u00e4fta genom att svara p\u00e5 detta e-mail och bifoga filen \u00e5ter till oss.<br>Planeringsunderlag med \u00f6nskade tider, eventuell specialkost, \u00f6nskad sittning och faktureringsadress g\u00e5r bra att meddela senast 7 dagar innan ankomst via e-mail till bokad arena.<\/p>\n\n\n\n<p>Vid fakturering \u00f6nskar vi ert org.nr, fullst\u00e4ndiga f\u00f6retagsuppgifter med adress, referens och till vilken e-mailadress ni \u00f6nskar er faktura.<br>Betalningsvillkor vid faktura \u00e4r 10 dagar.<\/p>\n\n\n\n<p>Skulle du beh\u00f6va avboka, g\u00e4ller f\u00f6ljande:<br>\u2022 Kostnadsfri avbokning g\u00e4ller 4 veckor innan ankomst.<br>\u2022 Vid avbokning senare \u00e4n 4 veckor f\u00f6re ankomst debiteras 75% av avtalat pris.<br>\u2022 Vid avbokning senare \u00e4n 2 veckor f\u00f6re ankomst debiteras 100%.<br>\u2022 Om f\u00f6retaget haft s\u00e4rskilda kostnader till f\u00f6ljd av best\u00e4llningen skall dessa ers\u00e4ttas till fullo av best\u00e4llaren.<br>\u2022 Avbokning\/nedbokning skall ske skriftligen via e-mail som \u00e5terbekr\u00e4ftas av anl\u00e4ggningen.<\/p>\n\n\n\n<p><strong>Allm\u00e4nna villkor f\u00f6r konferenser, gruppbokningar och \u00f6vriga arrangemang.<\/strong><\/p>\n\n\n\n<p><strong>1. Definitioner<\/strong><br>Ett arrangemang \u00e4r n\u00e4r lokaler tillhandah\u00e5lls med eller utan logi och\/eller f\u00f6rt\u00e4ring, tex. f\u00f6r konferens, eller vid grupp- och festv\u00e5ningsbest\u00e4llning.<br>Best\u00e4llare \u00e4r den person \u2013 juridisk eller fysisk \u2013 som \u00e4r betalningsskyldig f\u00f6r arrangemanget. Med leverant\u00f6r avses den anl\u00e4ggning som levererar arrangemanget.<br>En best\u00e4llnings v\u00e4rde \u00e4r avtalat pris f\u00f6r hela best\u00e4llningen eller summan av best\u00e4llt antal deltagare multiplicerat med avtalat pris per deltagare per dag, och priset f\u00f6r s\u00e4rskilt best\u00e4llda tj\u00e4nster. En bokningsf\u00f6rmedlare \u00e4r ett f\u00f6retag som f\u00f6rmedlar arrangemangsbokningar inklusive eller exklusive f\u00f6rmedling av betalning f\u00f6r bokningen.<\/p>\n\n\n\n<p><strong>2. Best\u00e4llning<\/strong><br>Dryck- och mattj\u00e4nster tillhandah\u00e5lls exklusivt av United Spaces.<br>Best\u00e4llning kan ske muntligt eller skriftligt. Leverant\u00f6ren ska bekr\u00e4fta mottagandet av en best\u00e4llning skriftligt.<\/p>\n\n\n\n<p><strong>3. S\u00e4rskilda \u00f6nskem\u00e5l vid best\u00e4llning<\/strong><br>Har best\u00e4llaren s\u00e4rskilt \u00f6nskem\u00e5l g\u00e4llande tex. catering, specialkost, teknik, m\u00f6blering mm. ska det framf\u00f6ras redan vid best\u00e4llningstillf\u00e4llet. Detsamma g\u00e4ller om best\u00e4llaren kr\u00e4ver s\u00e4rskilda s\u00e4kerhetsarrangemang.<\/p>\n\n\n\n<p><strong>4. Avbest\u00e4llning<\/strong><br>Avbest\u00e4llning ska ske skriftligt via e-mail som \u00e5terbekr\u00e4ftas av anl\u00e4ggningen som mottagen.<br>Vid avbest\u00e4llning senare \u00e4n fyra veckor f\u00f6re arrangemangets f\u00f6rsta dag ska best\u00e4llaren ers\u00e4tta leverant\u00f6ren med en viss procentsats av v\u00e4rdet p\u00e5 best\u00e4llningen. Den till\u00e4mpliga procentsatsen ska anges i leverant\u00f6rens bekr\u00e4ftelse av mottagandet av best\u00e4llningen.<br>Vid avbest\u00e4llning av del av best\u00e4llning ska ers\u00e4ttningen avse den avbest\u00e4llda delen.<\/p>\n\n\n\n<p><strong>5. Betalning<\/strong><br>Best\u00e4llaren \u00e4r ansvarig f\u00f6r samtliga enligt best\u00e4llningen uppkomna kostnader. Om deltagarna ska betala n\u00e5got var f\u00f6r sig m\u00e5ste detta godk\u00e4nnas av leverant\u00f6ren. Uteblir deltagare fr\u00e5n best\u00e4lld m\u00e5ltid medf\u00f6r detta inte r\u00e4tt till neds\u00e4ttning av priset. Best\u00e4llaren \u00e4r dock ytterst betalningsskyldig om deltagaren inte fullf\u00f6ljer sitt \u00e5tagande. Betalning ska ske enligt \u00f6verenskommelse. Har avtal tr\u00e4ffats om betalning mot faktura ska best\u00e4llaren utge full likvid inom 10 dagar fr\u00e5n fakturans datum. Om betalningsfristen \u00f6verskrids har leverant\u00f6ren r\u00e4tt att debitera dr\u00f6jsm\u00e5lsr\u00e4nta fr\u00e5n f\u00f6rfallodagen med g\u00e4llande referensr\u00e4nta med ett till\u00e4gg av \u00e5tta procentenheter.<\/p>\n\n\n\n<p><strong>6. Reservation f\u00f6r pris\u00e4ndringar<\/strong><br>Om leverant\u00f6ren vill reservera sig f\u00f6r prish\u00f6jningar ska leverant\u00f6ren tydligt ange detta i sin skriftliga bekr\u00e4ftelse av mottagandet av best\u00e4llningen.<br>Leverant\u00f6ren ska omg\u00e5ende informera best\u00e4llaren n\u00e4r pristill\u00e4gg sker.<\/p>\n\n\n\n<p><strong>7. Force majeure<\/strong><br>Strejk, lockout, eldsv\u00e5da, explosion, krig eller liknande krigstillst\u00e5nd, v\u00e4sentliga inskr\u00e4nkningar i leveranser eller andra omst\u00e4ndigheter utanf\u00f6r leverant\u00f6rens kontroll, ber\u00e4ttigar leverant\u00f6ren att h\u00e4va avtalet utan skyldighet att utge skadest\u00e5nd.<\/p>\n\n\n\n<p><strong>8. Ansvar f\u00f6r egendom\/v\u00e5llande av skada<\/strong><br>Leverant\u00f6ren har inget strikt ansvar f\u00f6r egendom som f\u00f6rvaras i leverant\u00f6rens lokaler. Skulle det visa sig att leverant\u00f6ren eller dess anst\u00e4llda handlat v\u00e5rdsl\u00f6st eller oaktsamt eller p\u00e5 annat s\u00e4tt haft skuld i att egendom f\u00f6rkommit eller skadats, ansvarar leverant\u00f6ren f\u00f6r den f\u00f6rkomna\/skadade egendomen, om inte egendomen \u00e4r av s\u00e4rskilt h\u00f6gt v\u00e4rde som vi ej ansvarar f\u00f6r. Best\u00e4llaren \u00e4r \u00e5 sin sida ansvarig f\u00f6r skada som denne sj\u00e4lv eller dess deltagare genom f\u00f6rsummelse v\u00e5llar leverant\u00f6ren.<\/p>\n\n\n\n<p><strong>9. Tvister<\/strong><br>F\u00f6r att l\u00f6sa tvister eller oklarheter vid konferenser och \u00f6vriga arrangemang, st\u00e5r Visitas ansvarsn\u00e4mnd kostnadsfritt till parternas f\u00f6rfogande. Visitas medlemsf\u00f6retag har f\u00f6rbundit sig att f\u00f6lja ansvarsn\u00e4mndens beslut.<\/p>\n\n\n\n<p><strong>10. Bokning genom f\u00f6rmedlare<\/strong><br>Om bokning och betalning sker genom en bokningsf\u00f6rmedlare ska detta bolag, utan dr\u00f6jsm\u00e5l, h\u00e5lla leverant\u00f6rens pengar avskilda p\u00e5 ett separat konto till dess utbetalning skett till leverant\u00f6ren. Detta bolag ska \u00e4ven vara redovisningsskyldigt gentemot leverant\u00f6ren f\u00f6r pengar det mottagit f\u00f6r leverant\u00f6rens r\u00e4kning. Ingen bokningsf\u00f6rmedling utg\u00e5r till f\u00f6rmedlare vid medlemsrabatter.<\/p>\n<\/div>\n<\/div>\n<\/div>\n<\/section>\n","protected":false},"excerpt":{"rendered":"","protected":false},"author":3,"featured_media":0,"parent":0,"menu_order":0,"comment_status":"closed","ping_status":"closed","template":"","meta":{"inline_featured_image":false,"footnotes":""},"class_list":["post-10285","page","type-page","status-publish","hentry"],"yoast_head":"<!-- This site is optimized with the Yoast SEO plugin v27.1.1 - https:\/\/yoast.com\/product\/yoast-seo-wordpress\/ -->\n<title>Bokningsvillkor Extern Kund - United Spaces<\/title>\n<meta name=\"robots\" content=\"index, follow, max-snippet:-1, max-image-preview:large, max-video-preview:-1\" \/>\n<link rel=\"canonical\" href=\"https:\/\/unitedspaces.com\/sv\/booking-policy-external-client\" \/>\n<meta property=\"og:locale\" content=\"sv_SE\" \/>\n<meta property=\"og:type\" content=\"article\" \/>\n<meta property=\"og:title\" content=\"Bokningsvillkor Extern Kund - United Spaces\" \/>\n<meta property=\"og:url\" content=\"https:\/\/unitedspaces.com\/sv\/booking-policy-external-client\" \/>\n<meta property=\"og:site_name\" content=\"United Spaces\" \/>\n<meta property=\"article:modified_time\" content=\"2026-03-12T11:13:54+00:00\" \/>\n<meta name=\"twitter:card\" content=\"summary_large_image\" \/>\n<meta name=\"twitter:label1\" content=\"Ber\u00e4knad l\u00e4stid\" \/>\n\t<meta name=\"twitter:data1\" content=\"3 minuter\" \/>\n<script type=\"application\/ld+json\" class=\"yoast-schema-graph\">{\"@context\":\"https:\/\/schema.org\",\"@graph\":[{\"@type\":\"WebPage\",\"@id\":\"https:\/\/unitedspaces.com\/sv\/booking-policy-external-client\",\"url\":\"https:\/\/unitedspaces.com\/sv\/booking-policy-external-client\",\"name\":\"Bokningsvillkor Extern Kund - United Spaces\",\"isPartOf\":{\"@id\":\"https:\/\/unitedspaces.com\/en\/#website\"},\"datePublished\":\"2023-12-18T08:39:41+00:00\",\"dateModified\":\"2026-03-12T11:13:54+00:00\",\"breadcrumb\":{\"@id\":\"https:\/\/unitedspaces.com\/sv\/booking-policy-external-client#breadcrumb\"},\"inLanguage\":\"sv-SE\",\"potentialAction\":[{\"@type\":\"ReadAction\",\"target\":[\"https:\/\/unitedspaces.com\/sv\/booking-policy-external-client\"]}]},{\"@type\":\"BreadcrumbList\",\"@id\":\"https:\/\/unitedspaces.com\/sv\/booking-policy-external-client#breadcrumb\",\"itemListElement\":[{\"@type\":\"ListItem\",\"position\":1,\"name\":\"Home\",\"item\":\"https:\/\/unitedspaces.com\/sv\"},{\"@type\":\"ListItem\",\"position\":2,\"name\":\"Bokningsvillkor Extern Kund\"}]},{\"@type\":\"WebSite\",\"@id\":\"https:\/\/unitedspaces.com\/en\/#website\",\"url\":\"https:\/\/unitedspaces.com\/en\/\",\"name\":\"United Spaces\",\"description\":\"\",\"publisher\":{\"@id\":\"https:\/\/unitedspaces.com\/en\/#organization\"},\"potentialAction\":[{\"@type\":\"SearchAction\",\"target\":{\"@type\":\"EntryPoint\",\"urlTemplate\":\"https:\/\/unitedspaces.com\/en\/?s={search_term_string}\"},\"query-input\":{\"@type\":\"PropertyValueSpecification\",\"valueRequired\":true,\"valueName\":\"search_term_string\"}}],\"inLanguage\":\"sv-SE\"},{\"@type\":\"Organization\",\"@id\":\"https:\/\/unitedspaces.com\/en\/#organization\",\"name\":\"United Spaces\",\"url\":\"https:\/\/unitedspaces.com\/en\/\",\"logo\":{\"@type\":\"ImageObject\",\"inLanguage\":\"sv-SE\",\"@id\":\"https:\/\/unitedspaces.com\/en\/#\/schema\/logo\/image\/\",\"url\":\"https:\/\/unitedspaces.com\/wp-content\/uploads\/2023\/09\/logo.svg\",\"contentUrl\":\"https:\/\/unitedspaces.com\/wp-content\/uploads\/2023\/09\/logo.svg\",\"width\":100,\"height\":38,\"caption\":\"United Spaces\"},\"image\":{\"@id\":\"https:\/\/unitedspaces.com\/en\/#\/schema\/logo\/image\/\"}}]}<\/script>\n<!-- \/ Yoast SEO plugin. -->","yoast_head_json":{"title":"Bokningsvillkor Extern Kund - United Spaces","robots":{"index":"index","follow":"follow","max-snippet":"max-snippet:-1","max-image-preview":"max-image-preview:large","max-video-preview":"max-video-preview:-1"},"canonical":"https:\/\/unitedspaces.com\/sv\/booking-policy-external-client","og_locale":"sv_SE","og_type":"article","og_title":"Bokningsvillkor Extern Kund - United Spaces","og_url":"https:\/\/unitedspaces.com\/sv\/booking-policy-external-client","og_site_name":"United Spaces","article_modified_time":"2026-03-12T11:13:54+00:00","twitter_card":"summary_large_image","twitter_misc":{"Ber\u00e4knad l\u00e4stid":"3 minuter"},"schema":{"@context":"https:\/\/schema.org","@graph":[{"@type":"WebPage","@id":"https:\/\/unitedspaces.com\/sv\/booking-policy-external-client","url":"https:\/\/unitedspaces.com\/sv\/booking-policy-external-client","name":"Bokningsvillkor Extern Kund - United Spaces","isPartOf":{"@id":"https:\/\/unitedspaces.com\/en\/#website"},"datePublished":"2023-12-18T08:39:41+00:00","dateModified":"2026-03-12T11:13:54+00:00","breadcrumb":{"@id":"https:\/\/unitedspaces.com\/sv\/booking-policy-external-client#breadcrumb"},"inLanguage":"sv-SE","potentialAction":[{"@type":"ReadAction","target":["https:\/\/unitedspaces.com\/sv\/booking-policy-external-client"]}]},{"@type":"BreadcrumbList","@id":"https:\/\/unitedspaces.com\/sv\/booking-policy-external-client#breadcrumb","itemListElement":[{"@type":"ListItem","position":1,"name":"Home","item":"https:\/\/unitedspaces.com\/sv"},{"@type":"ListItem","position":2,"name":"Bokningsvillkor Extern Kund"}]},{"@type":"WebSite","@id":"https:\/\/unitedspaces.com\/en\/#website","url":"https:\/\/unitedspaces.com\/en\/","name":"United Spaces","description":"","publisher":{"@id":"https:\/\/unitedspaces.com\/en\/#organization"},"potentialAction":[{"@type":"SearchAction","target":{"@type":"EntryPoint","urlTemplate":"https:\/\/unitedspaces.com\/en\/?s={search_term_string}"},"query-input":{"@type":"PropertyValueSpecification","valueRequired":true,"valueName":"search_term_string"}}],"inLanguage":"sv-SE"},{"@type":"Organization","@id":"https:\/\/unitedspaces.com\/en\/#organization","name":"United Spaces","url":"https:\/\/unitedspaces.com\/en\/","logo":{"@type":"ImageObject","inLanguage":"sv-SE","@id":"https:\/\/unitedspaces.com\/en\/#\/schema\/logo\/image\/","url":"https:\/\/unitedspaces.com\/wp-content\/uploads\/2023\/09\/logo.svg","contentUrl":"https:\/\/unitedspaces.com\/wp-content\/uploads\/2023\/09\/logo.svg","width":100,"height":38,"caption":"United Spaces"},"image":{"@id":"https:\/\/unitedspaces.com\/en\/#\/schema\/logo\/image\/"}}]}},"_links":{"self":[{"href":"https:\/\/unitedspaces.com\/sv\/wp-json\/wp\/v2\/pages\/10285","targetHints":{"allow":["GET"]}}],"collection":[{"href":"https:\/\/unitedspaces.com\/sv\/wp-json\/wp\/v2\/pages"}],"about":[{"href":"https:\/\/unitedspaces.com\/sv\/wp-json\/wp\/v2\/types\/page"}],"author":[{"embeddable":true,"href":"https:\/\/unitedspaces.com\/sv\/wp-json\/wp\/v2\/users\/3"}],"replies":[{"embeddable":true,"href":"https:\/\/unitedspaces.com\/sv\/wp-json\/wp\/v2\/comments?post=10285"}],"version-history":[{"count":2,"href":"https:\/\/unitedspaces.com\/sv\/wp-json\/wp\/v2\/pages\/10285\/revisions"}],"predecessor-version":[{"id":877311,"href":"https:\/\/unitedspaces.com\/sv\/wp-json\/wp\/v2\/pages\/10285\/revisions\/877311"}],"wp:attachment":[{"href":"https:\/\/unitedspaces.com\/sv\/wp-json\/wp\/v2\/media?parent=10285"}],"curies":[{"name":"wp","href":"https:\/\/api.w.org\/{rel}","templated":true}]}}