{"id":11855,"date":"2024-04-05T08:41:43","date_gmt":"2024-04-05T08:41:43","guid":{"rendered":"https:\/\/unitedspaces.com\/integritetspolicy-2"},"modified":"2026-03-12T11:14:31","modified_gmt":"2026-03-12T11:14:31","slug":"cookies","status":"publish","type":"page","link":"https:\/\/unitedspaces.com\/sv\/cookies","title":{"rendered":"Cookie-policy"},"content":{"rendered":"\n<section class=\"wp-block-noor-blocks-section nb-section position-relative  pt-144 pb-96 pt-md-176 pt-lg-256 pb-lg-144 bg-light-red\">\n<div class=\"wp-block-noor-blocks-container nb-container container-fluid\">\n<div class=\"wp-block-noor-blocks-row nb-row row\">\n<div class=\"wp-block-noor-blocks-column col nb-column col-12 col-lg-6\">\n<h1 class=\"wp-block-noor-blocks-heading nb-heading nb-heading-h1 mb-32 mb-lg-0  content-animation\">Cookie-policy<\/h1>\n<\/div>\n\n\n\n<div class=\"wp-block-noor-blocks-column col nb-column col-12 col-lg-4\"><\/div>\n<\/div>\n<\/div>\n<\/section>\n\n\n\n<section class=\"wp-block-noor-blocks-section nb-section position-relative  py-64 py-lg-96\">\n<div class=\"wp-block-noor-blocks-container nb-container container-fluid\">\n<div class=\"wp-block-noor-blocks-row nb-row row\">\n<div class=\"wp-block-noor-blocks-column col nb-column col-12 col-lg-6 offset-lg-3\">\n<p class=\"wp-block-noor-blocks-paragraph nb-paragraph mx-0 mt-0 mb-32  text-off-black kicker\">Cookie-policy (2018-05-17)<\/p>\n\n\n\n<h1 class=\"wp-block-heading has-large-font-size\" id=\"CybotCookiebotDialogBodyContentTitle\">Denna webbplats anv\u00e4nder cookies<\/h1>\n\n\n\n<p>Vi anv\u00e4nder enhetsidentifierare f\u00f6r att anpassa inneh\u00e5llet och annonserna till anv\u00e4ndarna, tillhandah\u00e5lla funktioner f\u00f6r sociala medier och analysera v\u00e5r trafik. Vi vidarebefordrar \u00e4ven s\u00e5dana identifierare och annan information fr\u00e5n din enhet till de sociala medier och annons- och analysf\u00f6retag som vi samarbetar med. Dessa kan i sin tur kombinera informationen med annan information som du har tillhandah\u00e5llit eller som de har samlat in n\u00e4r du har anv\u00e4nt deras tj\u00e4nster.<\/p>\n\n\n\n<h4 class=\"wp-block-noor-blocks-heading nb-heading nb-heading-h4  pb-24\">Vad \u00e4r cookies och hur anv\u00e4nder vi det?<\/h4>\n\n\n\n<p class=\"wp-block-noor-blocks-paragraph nb-paragraph  pb-48 m-0\">En cookie-fil \u00e4r en del av en text som genom tillst\u00e5nd fr\u00e5n dig kan placeras i din dators h\u00e5rdvara. Om du godk\u00e4nner detta, kommer din browser att l\u00e4gga till texten i en separat fil. United Spaces anv\u00e4nder cookiefiler f\u00f6r att underl\u00e4tta analyser av trafiken p\u00e5 v\u00e5ra webbplatser genom att vi f\u00e5r k\u00e4nnedom om vem som har bes\u00f6kt v\u00e5r webbplats vid en viss tidpunkt. Du kan i inst\u00e4llningarna f\u00f6r din browser sj\u00e4lv ange om du accepterar att cookie-filer placeras hos dig eller inte. Du kan \u00e4ven n\u00e4r som helst v\u00e4lja att ta bort cookie-filer som har placerats hos dig.  <br><br>Du kan l\u00e4sa mer om cookies p\u00e5 f\u00f6ljande platser: pts.se eller allaboutcookies.org<br><br>L\u00e4s om v\u00e5r <a href=\"https:\/\/unitedspaces.com\/integritetspolicy\">integritetspolicy<\/a><\/p>\n\n\n\n<h4 class=\"wp-block-noor-blocks-heading nb-heading nb-heading-h4  pb-24\">Kontaktuppgifter<\/h4>\n\n\n\n<p class=\"wp-block-noor-blocks-paragraph nb-paragraph  pb-48 m-0\">United Spaces Network Offices AB<br>Box 190<br>101 23 Stockholm<br><br><strong>Orgnr:<\/strong> 556668-1069<br><strong>Telefon: <\/strong>08-692 65 00<br><strong>Epost: <\/strong>policy@unitedspaces.se<\/p>\n<\/div>\n<\/div>\n<\/div>\n<\/section>\n","protected":false},"excerpt":{"rendered":"","protected":false},"author":7,"featured_media":0,"parent":0,"menu_order":0,"comment_status":"closed","ping_status":"closed","template":"","meta":{"inline_featured_image":false,"footnotes":""},"class_list":["post-11855","page","type-page","status-publish","hentry"],"yoast_head":"<!-- This site is optimized with the Yoast SEO plugin v27.1.1 - https:\/\/yoast.com\/product\/yoast-seo-wordpress\/ -->\n<title>Cookie-policy - United Spaces<\/title>\n<meta name=\"robots\" content=\"noindex, follow\" \/>\n<meta property=\"og:locale\" content=\"sv_SE\" \/>\n<meta property=\"og:type\" content=\"article\" \/>\n<meta property=\"og:title\" content=\"Cookie-policy - United Spaces\" \/>\n<meta property=\"og:url\" content=\"https:\/\/unitedspaces.com\/sv\/cookies\" \/>\n<meta property=\"og:site_name\" content=\"United Spaces\" \/>\n<meta property=\"article:modified_time\" content=\"2026-03-12T11:14:31+00:00\" \/>\n<meta name=\"twitter:card\" content=\"summary_large_image\" \/>\n<meta name=\"twitter:label1\" content=\"Ber\u00e4knad l\u00e4stid\" \/>\n\t<meta name=\"twitter:data1\" content=\"1 minut\" \/>\n<script type=\"application\/ld+json\" class=\"yoast-schema-graph\">{\"@context\":\"https:\/\/schema.org\",\"@graph\":[{\"@type\":\"WebPage\",\"@id\":\"https:\/\/unitedspaces.com\/sv\/cookies\",\"url\":\"https:\/\/unitedspaces.com\/sv\/cookies\",\"name\":\"Cookie-policy - United Spaces\",\"isPartOf\":{\"@id\":\"https:\/\/unitedspaces.com\/en\/#website\"},\"datePublished\":\"2024-04-05T08:41:43+00:00\",\"dateModified\":\"2026-03-12T11:14:31+00:00\",\"breadcrumb\":{\"@id\":\"https:\/\/unitedspaces.com\/sv\/cookies#breadcrumb\"},\"inLanguage\":\"sv-SE\",\"potentialAction\":[{\"@type\":\"ReadAction\",\"target\":[\"https:\/\/unitedspaces.com\/sv\/cookies\"]}]},{\"@type\":\"BreadcrumbList\",\"@id\":\"https:\/\/unitedspaces.com\/sv\/cookies#breadcrumb\",\"itemListElement\":[{\"@type\":\"ListItem\",\"position\":1,\"name\":\"Home\",\"item\":\"https:\/\/unitedspaces.com\/sv\"},{\"@type\":\"ListItem\",\"position\":2,\"name\":\"Cookie-policy\"}]},{\"@type\":\"WebSite\",\"@id\":\"https:\/\/unitedspaces.com\/en\/#website\",\"url\":\"https:\/\/unitedspaces.com\/en\/\",\"name\":\"United Spaces\",\"description\":\"\",\"publisher\":{\"@id\":\"https:\/\/unitedspaces.com\/en\/#organization\"},\"potentialAction\":[{\"@type\":\"SearchAction\",\"target\":{\"@type\":\"EntryPoint\",\"urlTemplate\":\"https:\/\/unitedspaces.com\/en\/?s={search_term_string}\"},\"query-input\":{\"@type\":\"PropertyValueSpecification\",\"valueRequired\":true,\"valueName\":\"search_term_string\"}}],\"inLanguage\":\"sv-SE\"},{\"@type\":\"Organization\",\"@id\":\"https:\/\/unitedspaces.com\/en\/#organization\",\"name\":\"United Spaces\",\"url\":\"https:\/\/unitedspaces.com\/en\/\",\"logo\":{\"@type\":\"ImageObject\",\"inLanguage\":\"sv-SE\",\"@id\":\"https:\/\/unitedspaces.com\/en\/#\/schema\/logo\/image\/\",\"url\":\"https:\/\/unitedspaces.com\/wp-content\/uploads\/2023\/09\/logo.svg\",\"contentUrl\":\"https:\/\/unitedspaces.com\/wp-content\/uploads\/2023\/09\/logo.svg\",\"width\":100,\"height\":38,\"caption\":\"United Spaces\"},\"image\":{\"@id\":\"https:\/\/unitedspaces.com\/en\/#\/schema\/logo\/image\/\"}}]}<\/script>\n<!-- \/ Yoast SEO plugin. -->","yoast_head_json":{"title":"Cookie-policy - United Spaces","robots":{"index":"noindex","follow":"follow"},"og_locale":"sv_SE","og_type":"article","og_title":"Cookie-policy - United Spaces","og_url":"https:\/\/unitedspaces.com\/sv\/cookies","og_site_name":"United Spaces","article_modified_time":"2026-03-12T11:14:31+00:00","twitter_card":"summary_large_image","twitter_misc":{"Ber\u00e4knad l\u00e4stid":"1 minut"},"schema":{"@context":"https:\/\/schema.org","@graph":[{"@type":"WebPage","@id":"https:\/\/unitedspaces.com\/sv\/cookies","url":"https:\/\/unitedspaces.com\/sv\/cookies","name":"Cookie-policy - United Spaces","isPartOf":{"@id":"https:\/\/unitedspaces.com\/en\/#website"},"datePublished":"2024-04-05T08:41:43+00:00","dateModified":"2026-03-12T11:14:31+00:00","breadcrumb":{"@id":"https:\/\/unitedspaces.com\/sv\/cookies#breadcrumb"},"inLanguage":"sv-SE","potentialAction":[{"@type":"ReadAction","target":["https:\/\/unitedspaces.com\/sv\/cookies"]}]},{"@type":"BreadcrumbList","@id":"https:\/\/unitedspaces.com\/sv\/cookies#breadcrumb","itemListElement":[{"@type":"ListItem","position":1,"name":"Home","item":"https:\/\/unitedspaces.com\/sv"},{"@type":"ListItem","position":2,"name":"Cookie-policy"}]},{"@type":"WebSite","@id":"https:\/\/unitedspaces.com\/en\/#website","url":"https:\/\/unitedspaces.com\/en\/","name":"United Spaces","description":"","publisher":{"@id":"https:\/\/unitedspaces.com\/en\/#organization"},"potentialAction":[{"@type":"SearchAction","target":{"@type":"EntryPoint","urlTemplate":"https:\/\/unitedspaces.com\/en\/?s={search_term_string}"},"query-input":{"@type":"PropertyValueSpecification","valueRequired":true,"valueName":"search_term_string"}}],"inLanguage":"sv-SE"},{"@type":"Organization","@id":"https:\/\/unitedspaces.com\/en\/#organization","name":"United Spaces","url":"https:\/\/unitedspaces.com\/en\/","logo":{"@type":"ImageObject","inLanguage":"sv-SE","@id":"https:\/\/unitedspaces.com\/en\/#\/schema\/logo\/image\/","url":"https:\/\/unitedspaces.com\/wp-content\/uploads\/2023\/09\/logo.svg","contentUrl":"https:\/\/unitedspaces.com\/wp-content\/uploads\/2023\/09\/logo.svg","width":100,"height":38,"caption":"United Spaces"},"image":{"@id":"https:\/\/unitedspaces.com\/en\/#\/schema\/logo\/image\/"}}]}},"_links":{"self":[{"href":"https:\/\/unitedspaces.com\/sv\/wp-json\/wp\/v2\/pages\/11855","targetHints":{"allow":["GET"]}}],"collection":[{"href":"https:\/\/unitedspaces.com\/sv\/wp-json\/wp\/v2\/pages"}],"about":[{"href":"https:\/\/unitedspaces.com\/sv\/wp-json\/wp\/v2\/types\/page"}],"author":[{"embeddable":true,"href":"https:\/\/unitedspaces.com\/sv\/wp-json\/wp\/v2\/users\/7"}],"replies":[{"embeddable":true,"href":"https:\/\/unitedspaces.com\/sv\/wp-json\/wp\/v2\/comments?post=11855"}],"version-history":[{"count":5,"href":"https:\/\/unitedspaces.com\/sv\/wp-json\/wp\/v2\/pages\/11855\/revisions"}],"predecessor-version":[{"id":877315,"href":"https:\/\/unitedspaces.com\/sv\/wp-json\/wp\/v2\/pages\/11855\/revisions\/877315"}],"wp:attachment":[{"href":"https:\/\/unitedspaces.com\/sv\/wp-json\/wp\/v2\/media?parent=11855"}],"curies":[{"name":"wp","href":"https:\/\/api.w.org\/{rel}","templated":true}]}}