{"id":6676,"date":"2023-10-25T12:37:42","date_gmt":"2023-10-25T12:37:42","guid":{"rendered":"https:\/\/unitedspaces.com\/?page_id=6676"},"modified":"2026-03-12T11:25:33","modified_gmt":"2026-03-12T11:25:33","slug":"sokningar","status":"publish","type":"page","link":"https:\/\/unitedspaces.com\/sv\/sokningar","title":{"rendered":"S\u00f6kningar"},"content":{"rendered":"\n<section class=\"wp-block-noor-blocks-section nb-section position-relative  my-64 mt-lg-96 mb-lg-64 py-48 py-md-64 bg-white\">\n<div class=\"wp-block-noor-blocks-container nb-container container-fluid\">\n<div class=\"wp-block-noor-blocks-row nb-row row\">\n<div class=\"wp-block-noor-blocks-column col nb-column  col-12 col-lg-6 col-xl-4 offset-lg-3 offset-xl-4\">\n<div class=\"wp-block-noor-blocks-group nb-group nb-group-div d-flex flex-column align-items-center justify-content-center\">\n<h1 class=\"wp-block-noor-blocks-heading nb-heading nb-heading-h1 mb-0  text-center text-off-black content-animation\">S\u00f6kningar<\/h1>\n<\/div>\n<\/div>\n<\/div>\n<\/div>\n<\/section>\n\n\n\n<section class=\"wp-block-noor-blocks-section nb-section position-relative  pb-96\">\n<div class=\"wp-block-noor-blocks-container nb-container container\">\n<div class=\"wp-block-noor-blocks-row nb-row row\">\n<div class=\"wp-block-noor-blocks-column col nb-column  col-12 col-lg-4\">\n<div class=\"wp-block-noor-blocks-group nb-group nb-group-div bg-light-grey d-flex flex-column  mb-32 mb-md-0 p-24 h-100\">\n<h4 class=\"wp-block-noor-blocks-heading nb-heading nb-heading-h4  pb-16\">Kontorshotell<\/h4>\n\n\n\n<p class=\"wp-block-noor-blocks-paragraph nb-paragraph\"><a href=\"\/sv\/kontorshotell-stockholm\"><mark style=\"background-color:rgba(0, 0, 0, 0)\" class=\"has-inline-color has-off-black-color\"><span style=\"text-decoration: underline;\">Kontorshotell Stockholm<\/span><\/mark><\/a><\/p>\n\n\n\n<p class=\"wp-block-noor-blocks-paragraph nb-paragraph\"><a href=\"\/sv\/kontorshotell-goteborg\"><mark style=\"background-color:rgba(0, 0, 0, 0)\" class=\"has-inline-color has-off-black-color\"><span style=\"text-decoration: underline;\">Kontorshotell G\u00f6teborg<\/span><\/mark><\/a><\/p>\n\n\n\n<p class=\"wp-block-noor-blocks-paragraph nb-paragraph\"><a href=\"\/sv\/kontorshotell-malmo\"><mark style=\"background-color:rgba(0, 0, 0, 0)\" class=\"has-inline-color has-off-black-color\"><span style=\"text-decoration: underline;\">Kontorshotell Malm\u00f6<\/span><\/mark><\/a><\/p>\n\n\n\n<p class=\"wp-block-noor-blocks-paragraph nb-paragraph\"><a href=\"\/sv\/kontorshotell-uppsala\"><mark style=\"background-color:rgba(0, 0, 0, 0)\" class=\"has-inline-color has-off-black-color\"><span style=\"text-decoration: underline;\">Kontorshotell Uppsala<\/span><\/mark><\/a><\/p>\n\n\n\n<p class=\"wp-block-noor-blocks-paragraph nb-paragraph\"><a href=\"\/sv\/kontorshotell-helsingborg\"><mark style=\"background-color:rgba(0, 0, 0, 0)\" class=\"has-inline-color has-off-black-color\"><span style=\"text-decoration: underline;\">Kontorshotell Helsingborg<\/span><\/mark><\/a><\/p>\n\n\n\n<p class=\"wp-block-noor-blocks-paragraph nb-paragraph\"><\/p>\n<\/div>\n<\/div>\n\n\n\n<div class=\"wp-block-noor-blocks-column col nb-column  col-12 col-lg-4\">\n<div class=\"wp-block-noor-blocks-group nb-group nb-group-div bg-light-grey d-flex flex-column  mb-32 mb-md-0 p-24 h-100\">\n<h4 class=\"wp-block-noor-blocks-heading nb-heading nb-heading-h4  pb-16\">M\u00f6tesrum<\/h4>\n\n\n\n<p class=\"wp-block-noor-blocks-paragraph nb-paragraph\"><a href=\"\/sv\/meeting-rooms\/stockholm\"><mark style=\"background-color:rgba(0, 0, 0, 0)\" class=\"has-inline-color has-off-black-color\"><span style=\"text-decoration: underline;\">M\u00f6tesrum Stockholm<\/span><\/mark><\/a><\/p>\n\n\n\n<p class=\"wp-block-noor-blocks-paragraph nb-paragraph\"><a href=\"\/sv\/meeting-rooms\/gothenburg\"><mark style=\"background-color:rgba(0, 0, 0, 0)\" class=\"has-inline-color has-off-black-color\"><span style=\"text-decoration: underline;\">M\u00f6tesrum G\u00f6teborg<\/span><\/mark><\/a><\/p>\n\n\n\n<p class=\"wp-block-noor-blocks-paragraph nb-paragraph\"><a href=\"\/sv\/meeting-rooms\/malmo\"><mark style=\"background-color:rgba(0, 0, 0, 0)\" class=\"has-inline-color has-off-black-color\"><span style=\"text-decoration: underline;\">M\u00f6tesrum Malm\u00f6<\/span><\/mark><\/a><\/p>\n\n\n\n<p class=\"wp-block-noor-blocks-paragraph nb-paragraph\"><a href=\"\/sv\/meeting-rooms\/uppsala\"><mark style=\"background-color:rgba(0, 0, 0, 0)\" class=\"has-inline-color has-off-black-color\"><span style=\"text-decoration: underline;\">M\u00f6tesrum Uppsala<\/span><\/mark><\/a><\/p>\n\n\n\n<p class=\"wp-block-noor-blocks-paragraph nb-paragraph\"><a href=\"\/sv\/meeting-rooms\/helsingborg\"><mark style=\"background-color:rgba(0, 0, 0, 0)\" class=\"has-inline-color has-off-black-color\"><span style=\"text-decoration: underline;\">M\u00f6tesrum Helsingborg<\/span><\/mark><\/a><\/p>\n\n\n\n<p class=\"wp-block-noor-blocks-paragraph nb-paragraph\"><\/p>\n<\/div>\n<\/div>\n\n\n\n<div class=\"wp-block-noor-blocks-column col nb-column  col-12 col-lg-4\">\n<div class=\"wp-block-noor-blocks-group nb-group nb-group-div bg-light-grey d-flex flex-column  mb-32 mb-md-0 p-24 h-100\">\n<h4 class=\"wp-block-noor-blocks-heading nb-heading nb-heading-h4  pb-16\">Coworking<\/h4>\n\n\n\n<p class=\"wp-block-noor-blocks-paragraph nb-paragraph\"><a href=\"\/sv\/location\/stockholm\"><mark style=\"background-color:rgba(0, 0, 0, 0)\" class=\"has-inline-color has-off-black-color\"><span style=\"text-decoration: underline;\">Coworking Stockholm<\/span><\/mark><\/a><\/p>\n\n\n\n<p class=\"wp-block-noor-blocks-paragraph nb-paragraph\"><a href=\"\/sv\/location\/gothenburg\"><mark style=\"background-color:rgba(0, 0, 0, 0)\" class=\"has-inline-color has-off-black-color\"><span style=\"text-decoration: underline;\">Coworking G\u00f6teborg<\/span><\/mark><\/a><\/p>\n\n\n\n<p class=\"wp-block-noor-blocks-paragraph nb-paragraph\"><a href=\"\/sv\/location\/malmo\"><mark style=\"background-color:rgba(0, 0, 0, 0)\" class=\"has-inline-color has-off-black-color\"><span style=\"text-decoration: underline;\">Coworking Malm\u00f6<\/span><\/mark><\/a><\/p>\n\n\n\n<p class=\"wp-block-noor-blocks-paragraph nb-paragraph\"><a href=\"\/sv\/location\/uppsala\"><mark style=\"background-color:rgba(0, 0, 0, 0)\" class=\"has-inline-color has-off-black-color\"><span style=\"text-decoration: underline;\">Coworking Uppsala<\/span><\/mark><\/a><\/p>\n\n\n\n<p class=\"wp-block-noor-blocks-paragraph nb-paragraph\"><a href=\"\/sv\/location\/helsingborg\"><mark style=\"background-color:rgba(0, 0, 0, 0)\" class=\"has-inline-color has-off-black-color\"><span style=\"text-decoration: underline;\">Coworking Helsingborg<\/span><\/mark><\/a><\/p>\n\n\n\n<p class=\"wp-block-noor-blocks-paragraph nb-paragraph\"><a href=\"\/sv\/vad-ar-coworking\"><mark style=\"background-color:rgba(0, 0, 0, 0)\" class=\"has-inline-color has-off-black-color\"><span style=\"text-decoration: underline;\">Vad \u00e4r coworking?<\/span><\/mark><\/a><\/p>\n\n\n\n<p class=\"wp-block-noor-blocks-paragraph nb-paragraph\"><a href=\"\/sv\/basta-coworking-i-stockholm\"><mark style=\"background-color:rgba(0, 0, 0, 0)\" class=\"has-inline-color has-off-black-color\"><span style=\"text-decoration: underline;\">B\u00e4sta coworking Stockholm<\/span><\/mark><\/a><\/p>\n<\/div>\n<\/div>\n<\/div>\n<\/div>\n<\/section>\n","protected":false},"excerpt":{"rendered":"","protected":false},"author":1,"featured_media":0,"parent":0,"menu_order":0,"comment_status":"closed","ping_status":"closed","template":"","meta":{"inline_featured_image":false,"footnotes":""},"class_list":["post-6676","page","type-page","status-publish","hentry"],"yoast_head":"<!-- This site is optimized with the Yoast SEO plugin v27.1.1 - https:\/\/yoast.com\/product\/yoast-seo-wordpress\/ -->\n<title>Popul\u00e4rt | United Spaces<\/title>\n<meta name=\"description\" content=\"Letar du kontorshotell, m\u00f6tesrum eller en plats f\u00f6r coworking? H\u00e4r hittar du v\u00e5ra mest popul\u00e4ra s\u00f6kningar \u2192\" \/>\n<meta name=\"robots\" content=\"index, follow, max-snippet:-1, max-image-preview:large, max-video-preview:-1\" \/>\n<link rel=\"canonical\" href=\"https:\/\/unitedspaces.com\/sv\/sokningar\" \/>\n<meta property=\"og:locale\" content=\"sv_SE\" \/>\n<meta property=\"og:type\" content=\"article\" \/>\n<meta property=\"og:title\" content=\"Popul\u00e4rt | United Spaces\" \/>\n<meta property=\"og:description\" content=\"Letar du kontorshotell, m\u00f6tesrum eller en plats f\u00f6r coworking? H\u00e4r hittar du v\u00e5ra mest popul\u00e4ra s\u00f6kningar \u2192\" \/>\n<meta property=\"og:url\" content=\"https:\/\/unitedspaces.com\/sv\/sokningar\" \/>\n<meta property=\"og:site_name\" content=\"United Spaces\" \/>\n<meta property=\"article:modified_time\" content=\"2026-03-12T11:25:33+00:00\" \/>\n<meta name=\"twitter:card\" content=\"summary_large_image\" \/>\n<meta name=\"twitter:label1\" content=\"Ber\u00e4knad l\u00e4stid\" \/>\n\t<meta name=\"twitter:data1\" content=\"1 minut\" \/>\n<script type=\"application\/ld+json\" class=\"yoast-schema-graph\">{\"@context\":\"https:\/\/schema.org\",\"@graph\":[{\"@type\":\"WebPage\",\"@id\":\"https:\/\/unitedspaces.com\/sv\/sokningar\",\"url\":\"https:\/\/unitedspaces.com\/sv\/sokningar\",\"name\":\"Popul\u00e4rt | United Spaces\",\"isPartOf\":{\"@id\":\"https:\/\/unitedspaces.com\/en\/#website\"},\"datePublished\":\"2023-10-25T12:37:42+00:00\",\"dateModified\":\"2026-03-12T11:25:33+00:00\",\"description\":\"Letar du kontorshotell, m\u00f6tesrum eller en plats f\u00f6r coworking? H\u00e4r hittar du v\u00e5ra mest popul\u00e4ra s\u00f6kningar \u2192\",\"breadcrumb\":{\"@id\":\"https:\/\/unitedspaces.com\/sv\/sokningar#breadcrumb\"},\"inLanguage\":\"sv-SE\",\"potentialAction\":[{\"@type\":\"ReadAction\",\"target\":[\"https:\/\/unitedspaces.com\/sv\/sokningar\"]}]},{\"@type\":\"BreadcrumbList\",\"@id\":\"https:\/\/unitedspaces.com\/sv\/sokningar#breadcrumb\",\"itemListElement\":[{\"@type\":\"ListItem\",\"position\":1,\"name\":\"Home\",\"item\":\"https:\/\/unitedspaces.com\/sv\"},{\"@type\":\"ListItem\",\"position\":2,\"name\":\"S\u00f6kningar\"}]},{\"@type\":\"WebSite\",\"@id\":\"https:\/\/unitedspaces.com\/en\/#website\",\"url\":\"https:\/\/unitedspaces.com\/en\/\",\"name\":\"United Spaces\",\"description\":\"\",\"publisher\":{\"@id\":\"https:\/\/unitedspaces.com\/en\/#organization\"},\"potentialAction\":[{\"@type\":\"SearchAction\",\"target\":{\"@type\":\"EntryPoint\",\"urlTemplate\":\"https:\/\/unitedspaces.com\/en\/?s={search_term_string}\"},\"query-input\":{\"@type\":\"PropertyValueSpecification\",\"valueRequired\":true,\"valueName\":\"search_term_string\"}}],\"inLanguage\":\"sv-SE\"},{\"@type\":\"Organization\",\"@id\":\"https:\/\/unitedspaces.com\/en\/#organization\",\"name\":\"United Spaces\",\"url\":\"https:\/\/unitedspaces.com\/en\/\",\"logo\":{\"@type\":\"ImageObject\",\"inLanguage\":\"sv-SE\",\"@id\":\"https:\/\/unitedspaces.com\/en\/#\/schema\/logo\/image\/\",\"url\":\"https:\/\/unitedspaces.com\/wp-content\/uploads\/2023\/09\/logo.svg\",\"contentUrl\":\"https:\/\/unitedspaces.com\/wp-content\/uploads\/2023\/09\/logo.svg\",\"width\":100,\"height\":38,\"caption\":\"United Spaces\"},\"image\":{\"@id\":\"https:\/\/unitedspaces.com\/en\/#\/schema\/logo\/image\/\"}}]}<\/script>\n<!-- \/ Yoast SEO plugin. -->","yoast_head_json":{"title":"Popul\u00e4rt | United Spaces","description":"Letar du kontorshotell, m\u00f6tesrum eller en plats f\u00f6r coworking? H\u00e4r hittar du v\u00e5ra mest popul\u00e4ra s\u00f6kningar \u2192","robots":{"index":"index","follow":"follow","max-snippet":"max-snippet:-1","max-image-preview":"max-image-preview:large","max-video-preview":"max-video-preview:-1"},"canonical":"https:\/\/unitedspaces.com\/sv\/sokningar","og_locale":"sv_SE","og_type":"article","og_title":"Popul\u00e4rt | United Spaces","og_description":"Letar du kontorshotell, m\u00f6tesrum eller en plats f\u00f6r coworking? H\u00e4r hittar du v\u00e5ra mest popul\u00e4ra s\u00f6kningar \u2192","og_url":"https:\/\/unitedspaces.com\/sv\/sokningar","og_site_name":"United Spaces","article_modified_time":"2026-03-12T11:25:33+00:00","twitter_card":"summary_large_image","twitter_misc":{"Ber\u00e4knad l\u00e4stid":"1 minut"},"schema":{"@context":"https:\/\/schema.org","@graph":[{"@type":"WebPage","@id":"https:\/\/unitedspaces.com\/sv\/sokningar","url":"https:\/\/unitedspaces.com\/sv\/sokningar","name":"Popul\u00e4rt | United Spaces","isPartOf":{"@id":"https:\/\/unitedspaces.com\/en\/#website"},"datePublished":"2023-10-25T12:37:42+00:00","dateModified":"2026-03-12T11:25:33+00:00","description":"Letar du kontorshotell, m\u00f6tesrum eller en plats f\u00f6r coworking? H\u00e4r hittar du v\u00e5ra mest popul\u00e4ra s\u00f6kningar \u2192","breadcrumb":{"@id":"https:\/\/unitedspaces.com\/sv\/sokningar#breadcrumb"},"inLanguage":"sv-SE","potentialAction":[{"@type":"ReadAction","target":["https:\/\/unitedspaces.com\/sv\/sokningar"]}]},{"@type":"BreadcrumbList","@id":"https:\/\/unitedspaces.com\/sv\/sokningar#breadcrumb","itemListElement":[{"@type":"ListItem","position":1,"name":"Home","item":"https:\/\/unitedspaces.com\/sv"},{"@type":"ListItem","position":2,"name":"S\u00f6kningar"}]},{"@type":"WebSite","@id":"https:\/\/unitedspaces.com\/en\/#website","url":"https:\/\/unitedspaces.com\/en\/","name":"United Spaces","description":"","publisher":{"@id":"https:\/\/unitedspaces.com\/en\/#organization"},"potentialAction":[{"@type":"SearchAction","target":{"@type":"EntryPoint","urlTemplate":"https:\/\/unitedspaces.com\/en\/?s={search_term_string}"},"query-input":{"@type":"PropertyValueSpecification","valueRequired":true,"valueName":"search_term_string"}}],"inLanguage":"sv-SE"},{"@type":"Organization","@id":"https:\/\/unitedspaces.com\/en\/#organization","name":"United Spaces","url":"https:\/\/unitedspaces.com\/en\/","logo":{"@type":"ImageObject","inLanguage":"sv-SE","@id":"https:\/\/unitedspaces.com\/en\/#\/schema\/logo\/image\/","url":"https:\/\/unitedspaces.com\/wp-content\/uploads\/2023\/09\/logo.svg","contentUrl":"https:\/\/unitedspaces.com\/wp-content\/uploads\/2023\/09\/logo.svg","width":100,"height":38,"caption":"United Spaces"},"image":{"@id":"https:\/\/unitedspaces.com\/en\/#\/schema\/logo\/image\/"}}]}},"_links":{"self":[{"href":"https:\/\/unitedspaces.com\/sv\/wp-json\/wp\/v2\/pages\/6676","targetHints":{"allow":["GET"]}}],"collection":[{"href":"https:\/\/unitedspaces.com\/sv\/wp-json\/wp\/v2\/pages"}],"about":[{"href":"https:\/\/unitedspaces.com\/sv\/wp-json\/wp\/v2\/types\/page"}],"author":[{"embeddable":true,"href":"https:\/\/unitedspaces.com\/sv\/wp-json\/wp\/v2\/users\/1"}],"replies":[{"embeddable":true,"href":"https:\/\/unitedspaces.com\/sv\/wp-json\/wp\/v2\/comments?post=6676"}],"version-history":[{"count":19,"href":"https:\/\/unitedspaces.com\/sv\/wp-json\/wp\/v2\/pages\/6676\/revisions"}],"predecessor-version":[{"id":877345,"href":"https:\/\/unitedspaces.com\/sv\/wp-json\/wp\/v2\/pages\/6676\/revisions\/877345"}],"wp:attachment":[{"href":"https:\/\/unitedspaces.com\/sv\/wp-json\/wp\/v2\/media?parent=6676"}],"curies":[{"name":"wp","href":"https:\/\/api.w.org\/{rel}","templated":true}]}}