{"id":6955,"date":"2023-10-26T11:21:14","date_gmt":"2023-10-26T11:21:14","guid":{"rendered":"https:\/\/unitedspaces.com\/?page_id=6955"},"modified":"2026-03-12T11:14:46","modified_gmt":"2026-03-12T11:14:46","slug":"vad-ar-coworking","status":"publish","type":"page","link":"https:\/\/unitedspaces.com\/sv\/vad-ar-coworking","title":{"rendered":"Det h\u00e4r \u00e4r coworking p\u00e5 United Spaces"},"content":{"rendered":"\n<section class=\"wp-block-noor-blocks-section nb-section position-relative  mt-144 mb-96 mt-md-176 mb-md-96 mt-lg-256 mb-lg-144\">\n<div class=\"wp-block-noor-blocks-container nb-container container-fluid\">\n<div class=\"wp-block-noor-blocks-row nb-row row\">\n<div class=\"wp-block-noor-blocks-column col nb-column  col-12 col-lg-6\">\n<h1 class=\"wp-block-noor-blocks-heading nb-heading nb-heading-h1 mb-32 mb-lg-0  content-animation\">Det h\u00e4r \u00e4r coworking p\u00e5 United Spaces<\/h1>\n<\/div>\n\n\n\n<div class=\"wp-block-noor-blocks-column col nb-column col-12 col-lg-4\">\n<p class=\"wp-block-noor-blocks-paragraph nb-paragraph mb-lg-32\">Coworking p\u00e5 United Spaces handlar om mer \u00e4n bara fr\u00e4scha lokaler (vilket vi s\u00e5klart har!). H\u00e4r sammanf\u00f6r vi inspirerande m\u00e4nniskor som vill v\u00e4xa tillsammans. Hos oss f\u00e5r du inte bara tillg\u00e5ng till nya kunskaper genom v\u00e5ra f\u00f6rel\u00e4sningar, utan ocks\u00e5 m\u00f6jligheten att knyta kontakter med potentiella samarbetspartners vid kaffemaskinen eller kanske finna en ny b\u00e4sta v\u00e4n (ja, det \u00e4r verkligen superokej att ha flera!) under n\u00e4sta After Work.<br><br>Vi ser ocks\u00e5 till att du f\u00e5r m\u00f6jlighet att fokusera p\u00e5 det du g\u00f6r b\u00e4st. Vad \u00e4r du b\u00e4st p\u00e5? Vi misst\u00e4nker att det \u00e4r ditt arbete eftersom det \u00e4r fallet hos de flesta av v\u00e5ra medlemmar. Det \u00e4r d\u00e4rf\u00f6r vi har ett dedikerat team p\u00e5 v\u00e5ra Spaces som tar hand om service, st\u00e4dning och alla t\u00e4nkbara detaljer som underl\u00e4ttar din arbetsdag.<br><br>Vad mer d\u00e5? Just det, vi skr\u00e4ddarsyr ett ekonomiskt effektivt medlemskap efter dina behov och den upparbetade kultur som finns p\u00e5 ditt f\u00f6retag (vi anpassar oss efter er \u2013 inte tv\u00e4rtom). V\u00e4lj mellan lounge, eget skrivbord eller ett helt kontor. Eller upplev f\u00f6rdelarna med v\u00e5ra Spaces genom att boka ett dagspass eller en prova-p\u00e5-dag. Oavsett vad du v\u00e4ljer kommer vi g\u00f6ra allt i v\u00e5r makt f\u00f6r att du och dina medarbetare ska f\u00e5 en upplevelse i v\u00e4rldsklass.<br><br>S\u00e5, vad v\u00e4ntar du p\u00e5? Come grow with us!<\/p>\n\n\n\n<p class=\"wp-block-noor-blocks-paragraph nb-paragraph mb-0  kicker\">info@unitedspaces.se<br>010-200 77 37<\/p>\n<\/div>\n<\/div>\n<\/div>\n<\/section>\n\n\n\n<div class=\"wp-block-noor-blocks-group nb-group nb-group-div  zoom-effect\">\n<picture class=\"wp-block-noor-blocks-image nb-image  us-city-banner-image\"><img decoding=\"async\" src=\"https:\/\/unitedspaces.com\/wp-content\/uploads\/2023\/09\/sthlm_wide.jpg\" class=\"object-fit-cover object-position-center\"\/><\/picture>\n<\/div>\n\n\n\n<section class=\"wp-block-noor-blocks-section nb-section position-relative  pt-96 pt-lg-128\">\n<div class=\"wp-block-noor-blocks-container nb-container container-fluid\">\n<div class=\"wp-block-noor-blocks-row nb-row row\">\n<div class=\"wp-block-noor-blocks-column col nb-column col-12 col-md-10 col-lg-4 offset-md-1 offset-lg-2\"><\/div>\n\n\n\n<div class=\"wp-block-noor-blocks-column col nb-column col-12 col-md-10 col-lg-4 offset-md-1 offset-lg-0\">\n<h2 class=\"wp-block-noor-blocks-heading nb-heading nb-heading-h2  text-off-black content-animation\">Vad \u00e4r coworking?<\/h2>\n\n\n\n<p class=\"wp-block-noor-blocks-paragraph nb-paragraph\">F\u00f6r oss inneb\u00e4r coworking att prioritera alla de andra delar av m\u00e4nniskan som \u00e4r viktiga f\u00f6r att lyckas. Att bara anv\u00e4nda produktivitet som m\u00e5tt f\u00f6r en bra arbetsplats tycker vi k\u00e4nns v\u00e4ldigt artonhundratal. Om det vore sant skulle det dessutom r\u00e4cka med att st\u00e4lla fram ett rangligt litet skrivbord i en f\u00f6nsterl\u00f6s skrubb, fyra v\u00e5ningar under jord. Modern forskning visar dock att m\u00e4nniskans f\u00f6rm\u00e5ga att prestera kopplas ihop till ett mer holistiskt v\u00e4lm\u00e5ende. Den starkaste av alla de parametrarna \u00e4r hur hon interagerar med andra. Ingenting ger lika mycket energi, k\u00e4nsla av tillh\u00f6rande och inspiration som att f\u00e5 diskutera, klura, utmanas och samarbeta med andra. Vi har helt enkelt designat en ny sorts arbetsplats, runt det (ur\u00e5ldriga) faktumet att m\u00e4nniskan \u00e4r en social varelse. \u00c4ven n\u00e4r hon ska utf\u00f6ra (ett j\u00e4tteviktigt, absolut) arbete.<\/p>\n\n\n\n<p class=\"wp-block-noor-blocks-paragraph nb-paragraph\">Sist men absolut inte minst: P\u00e5 United Spaces inneb\u00e4r coworking ocks\u00e5 att du slipper betala f\u00f6r ytor som inte anv\u00e4nds \u2013 eller r\u00e4ttare sagt: ytor som du inte anv\u00e4nder. Korridorer, st\u00e4dskrubbar, k\u00f6ksf\u00f6rr\u00e5d och liknande. Hos oss betalar du f\u00f6r ditt kontor. Varken mer eller mindre.<\/p>\n<\/div>\n<\/div>\n<\/div>\n<\/section>\n\n\n\n<div class=\"wp-block-noor-blocks-group nb-group nb-group-div bg-light-red  mt-64 mt-md-64 mt-lg-96\">\n<section class=\"wp-block-noor-blocks-section nb-section position-relative  px-12 pt-64 pb-48 px-md-32 pt-md-48 px-lg-32 pt-lg-96 pb-lg-48\">\n<div class=\"wp-block-noor-blocks-container nb-container container-fluid\">\n<div class=\"wp-block-noor-blocks-group nb-group nb-group-div\">\n<div class=\"wp-block-noor-blocks-row nb-row row\">\n<div class=\"wp-block-noor-blocks-column col nb-column col-12 col-lg-8 offset-lg-2\">\n<div class=\"wp-block-noor-blocks-group nb-group nb-group-div\">\n<h2 class=\"wp-block-noor-blocks-heading nb-heading nb-heading-h2 m-0 content-animation\">Det b\u00e4sta med United Spaces f\u00f6r mig \u00e4r det personliga bem\u00f6tandet! Det k\u00e4nns som att komma hem n\u00e4r man kommer till kontoret.<\/h2>\n\n\n\n<p class=\"wp-block-noor-blocks-paragraph nb-paragraph  pt-32 pt-md-32 pe-lg-160 pt-lg-48 kicker\">Tomas Antonelius \/ Nike<\/p>\n<\/div>\n<\/div>\n<\/div>\n<\/div>\n<\/div>\n<\/section>\n<\/div>\n\n\n\n<section class=\"wp-block-noor-blocks-section nb-section position-relative  py-96 py-lg-128\">\n<div class=\"wp-block-noor-blocks-container nb-container container-fluid\">\n<div class=\"wp-block-noor-blocks-row nb-row row\">\n<div class=\"wp-block-noor-blocks-column col nb-column col-12 col-md-10 col-lg-4 offset-md-1 offset-lg-2\">\n<h2 class=\"wp-block-noor-blocks-heading nb-heading nb-heading-h2  pb-64 text-off-black content-animation\">Coworking p\u00e5 United Spaces<\/h2>\n<\/div>\n\n\n\n<div class=\"wp-block-noor-blocks-column col nb-column col-12 col-md-10 col-lg-4 offset-md-1 offset-lg-0\">\n<h3 class=\"wp-block-noor-blocks-heading nb-heading nb-heading-h3  text-off-black\">G\u00f6r det mesta och b\u00e4sta av kontorslivet<\/h3>\n\n\n\n<p class=\"wp-block-noor-blocks-paragraph nb-paragraph  pt-12 pb-48 pt-lg-24 text-off-black\">P\u00e5 United Spaces finns rum f\u00f6r s\u00e5 mycket mer \u00e4n bara jobb. Modernt, flexibelt och effektivt? Sj\u00e4lvklart fungerar allting som det ska och allt du beh\u00f6ver finns p\u00e5 plats. Men som pionj\u00e4rer inom coworking vet vi att innovation sker p\u00e5 ov\u00e4ntade st\u00e4llen. D\u00e4rf\u00f6r g\u00f6r vi plats f\u00f6r det ocks\u00e5: framtidsspaningen, tr\u00e4ningspasset och m\u00f6tet vid godissk\u00e5len. H\u00e4r kommer du och dina medarbetare att trivas och utr\u00e4tta kreativa stord\u00e5d. Chansen \u00e4r dessutom stor att ni tr\u00e4ffar n\u00e4sta kollega, samarbetspartner eller kund hos oss \u2013 planerat eller ov\u00e4ntat. S\u00e5, vad v\u00e4ntar du p\u00e5? Come grow with us!<\/p>\n\n\n\n<h3 class=\"wp-block-noor-blocks-heading nb-heading nb-heading-h3  text-off-black\">Perfektion sitter i detaljerna<\/h3>\n\n\n\n<p class=\"wp-block-noor-blocks-paragraph nb-paragraph  pt-12 pb-48 pt-lg-24 text-off-black\">Alla f\u00f6retag \u00e4r unika och vi ser d\u00e4rf\u00f6r till att varje detalj i v\u00e5r service m\u00f6ter dina behov och \u00f6nskem\u00e5l. Vi vet att m\u00e5nga av v\u00e5ra medlemmar befinner sig i en tillv\u00e4xt- eller mognadsfas, d\u00e5 det \u00e4r s\u00e4rskilt viktigt att f\u00e5 ro och kunna arbeta smidigt och effektivt. V\u00e5rt m\u00e5l \u00e4r d\u00e4rf\u00f6r att skapa s\u00e5 bra f\u00f6ruts\u00e4ttningar f\u00f6r er som m\u00f6jligt \u2013 s\u00e5 att ni kan utf\u00f6ra stord\u00e5d utan distraktioner. Enligt oss \u00e4r det vad perfekt service handlar om.<\/p>\n\n\n\n<h3 class=\"wp-block-noor-blocks-heading nb-heading nb-heading-h3  text-off-black\">Community som f\u00e5r er att v\u00e4xa<\/h3>\n\n\n\n<p class=\"wp-block-noor-blocks-paragraph nb-paragraph  pt-12 pb-48 pt-lg-24 text-off-black\">Vad skiljer United Spaces fr\u00e5n ett vanligt kontor? M\u00e4nniskorna som \u00e4r hos oss. Enligt forskning \u00e4r det via samarbete och starka relationer man mest effektivt n\u00e5r framg\u00e5ng. Har ni en exceptionellt v\u00e4lfungerande f\u00f6retagskultur? Bra! Ta med den hit och bli en del av v\u00e5rt community. Varje dag ser vi hur f\u00f6retag och medarbetare v\u00e4xer tillsammans innanf\u00f6r v\u00e5ra v\u00e4ggar.<\/p>\n\n\n\n<h3 class=\"wp-block-noor-blocks-heading nb-heading nb-heading-h3  text-off-black\">Ett medlemskap \u2013 6 st\u00e4der<\/h3>\n\n\n\n<p class=\"wp-block-noor-blocks-paragraph nb-paragraph  pt-12 pb-48 pt-lg-24 text-off-black\">On the road again? Med oss och alla v\u00e5ra Spaces f\u00e5r du tillg\u00e5ng till kostnadseffektiv coworking i Stockholm, G\u00f6teborg, Malm\u00f6, Uppsala, Helsingborg och J\u00f6nk\u00f6ping. Vad kan stoppa dig nu? Ingenting! L\u00e5t kreativiteten fl\u00f6da.<\/p>\n<\/div>\n<\/div>\n\n\n\n<div class=\"wp-block-noor-blocks-row nb-row row\">\n<div class=\"wp-block-noor-blocks-column col nb-column col-12 col-md-10 col-lg-4 offset-md-1 offset-lg-2\">\n<h3 class=\"wp-block-noor-blocks-heading nb-heading nb-heading-h3  pt-64 text-off-black\">Vad \u00e4r r\u00e4tt f\u00f6r just dig?<\/h3>\n\n\n\n<p class=\"wp-block-noor-blocks-paragraph nb-paragraph kicker\">Vi hj\u00e4lper dig hitta r\u00e4tt l\u00f6sning<\/p>\n\n\n\n<p class=\"wp-block-noor-blocks-paragraph nb-paragraph  pt-12 pb-16 text-off-black\">Coworking \u00e4r v\u00e5r expertis och vi vet att alla f\u00f6retag har olika behov och arbetar d\u00e4refter. Arbetsplats f\u00f6r en dag, en m\u00e5nad eller mer l\u00e5ngsiktigt? Specifika \u00f6nskem\u00e5l om faciliteter eller bekv\u00e4mligheter? Vi skr\u00e4ddarsyr den perfekta l\u00f6sningen s\u00e5 att er f\u00f6retagskultur kan forts\u00e4tta att blomstra.<\/p>\n\n\n\n<ul class=\"wp-block-noor-blocks-list nb-list nb-list-ul nb-list-styled bullet-red\" style=\"--list-size:8px\">\n<li class=\"wp-block-noor-blocks-list-item nb-list-item flex-row ps-0 align-items-start\"><div>\n<p class=\"wp-block-noor-blocks-paragraph nb-paragraph\"><strong>Lounge<\/strong><br>Vill du jobba i en avslappnad arbetsmilj\u00f6 med h\u00e4rlig atmosf\u00e4r? D\u00e5 \u00e4r Lounge det perfekta alternativet f\u00f6r dig och dina medarbetare. Boka dag f\u00f6r dag eller l\u00e4ngre perioder. Det tycker \u00e5tminstone vi \u00e4r en supersmidig l\u00f6sning.<\/p>\n<\/div><\/li>\n\n\n\n<li class=\"wp-block-noor-blocks-list-item nb-list-item flex-row ps-0 align-items-start\"><div>\n<p class=\"wp-block-noor-blocks-paragraph nb-paragraph\"><strong>Eget skrivbord<\/strong><br>Ibland r\u00e4cker det med ett eget skrivbord f\u00f6r att kunna v\u00e4xa och ta n\u00e4sta steg. Hos oss kan du f\u00e5 precis det: en dedikerad arbetsplats som \u00e4r din egen. Pynta med din ljusbl\u00e5a musmatta eller bilder p\u00e5 n\u00e4ra och k\u00e4ra. Och kom och g\u00e5 som du vill \u2013 vi st\u00e5r kvar. Eller \u00e4nnu viktigare: Ditt skrivbord st\u00e5r kvar.<\/p>\n<\/div><\/li>\n\n\n\n<li class=\"wp-block-noor-blocks-list-item nb-list-item flex-row ps-0 align-items-start\"><div>\n<p class=\"wp-block-noor-blocks-paragraph nb-paragraph\"><strong>Eget kontor<\/strong><br>Beh\u00f6ver du ett eget kontor d\u00e4r du och dina medarbetare kan trivas och forts\u00e4tta forma er f\u00f6retagskultur? Inga problem. H\u00e4r har du m\u00f6jlighet att skapa en egen fantastisk v\u00e4rld \u2013 utan att g\u00e5 miste om v\u00e5rt gemensamma community som p\u00e5g\u00e5r utanf\u00f6r.<\/p>\n<\/div><\/li>\n\n\n\n<li class=\"wp-block-noor-blocks-list-item nb-list-item flex-row ps-0 align-items-start\"><div>\n<p class=\"wp-block-noor-blocks-paragraph nb-paragraph  pb-32\"><strong>Rum f\u00f6r bragdinsatser<\/strong><br>Gigantiska (och mindre gigantiska) m\u00f6tesrum, inspelningsstudios och eventlokaler. Vi har alla sorters rum och ser till att allt du beh\u00f6ver finns p\u00e5 plats och flyter p\u00e5 utan kr\u00e5ngel. Hos oss f\u00e5r du och dina medarbetare utrymme att vara kreativa, produktiva och effektiva. Alla \u00e4r v\u00e4lkomna att boka hos oss, men ett tips fr\u00e5n coworking-coachen: Som medlem f\u00e5r du 30 % rabatt.<\/p>\n<\/div><\/li>\n<\/ul>\n\n\n\n<div class=\"wp-block-noor-blocks-group nb-group nb-group-div d-flex flex-row align-items-start justify-content-start mb-24 mb-md-0  gap-24\">\n<a href=\"\/sv\/contact\" target=\"_self\" rel=\"noopener\" class=\"wp-block-noor-blocks-button nb-btn nb-btn-primary bg-red column-gap-0 px-24 py-8 text-off-black bg-hover-red text-hover-off-black bg-active-red text-active-off-black has-hover-overlay-color has-hover-overlay-opacity\" style=\"--hover-overlay-color:white;--hover-overlay-opacity:15%;border-radius:32px\"><span class=\"nb-button-overlay\"><\/span><span class=\"nb-btn-text\">Se vad som ing\u00e5r<\/span><\/a>\n<\/div>\n<\/div>\n\n\n\n<div class=\"wp-block-noor-blocks-column col nb-column col-12 col-md-10 col-lg-4 offset-md-1 offset-lg-0\"><\/div>\n<\/div>\n<\/div>\n<\/section>\n\n\n\n<div class=\"wp-block-noor-blocks-group nb-group nb-group-div  zoom-effect\">\n<picture class=\"wp-block-noor-blocks-image nb-image us-city-banner-image\"><img decoding=\"async\" src=\"https:\/\/unitedspaces.com\/wp-content\/uploads\/2023\/09\/gbg-wide.jpg\" class=\"object-fit-cover object-position-center\"\/><\/picture>\n<\/div>\n\n\n\n<section class=\"wp-block-noor-blocks-section nb-section position-relative  py-64 py-lg-96\">\n<div class=\"wp-block-noor-blocks-container nb-container container-fluid\">\n<div class=\"wp-block-noor-blocks-row nb-row row\">\n<div class=\"wp-block-noor-blocks-column col nb-column col-12 col-lg-6 offset-lg-3\">\n<h2 class=\"wp-block-noor-blocks-heading nb-heading nb-heading-h2  pb-24 content-animation\">Castellum + United Spaces<\/h2>\n\n\n\n<p class=\"wp-block-noor-blocks-paragraph nb-paragraph  pb-32 pb-lg-24 m-0\">United Spaces \u00e4r ett dotterbolag till fastighetsbolaget Castellum. Vid f\u00f6rsta anblick kanske det inte verkar p\u00e5verka v\u00e5ra medlemmar, men det blir faktiskt lite skillnad. Hur d\u00e5? Tillsammans med dem kan vi vara \u00e4nnu mer l\u00e5ngsiktiga och v\u00e5rt erbjudande mer flexibelt. Mer exakt bidrar det med stabilitet och f\u00f6rhandlingskraft, vilket g\u00f6r att vi kan ha \u00e4nnu b\u00e4ttre priser. Vi f\u00e5r ett st\u00f6rre urval av lokaler runt om i Sverige, vilket g\u00f6r att United Spaces blir bredare och mer tillg\u00e4ngligt f\u00f6r den som reser mycket. Och eftersom Castellum \u00e4ger de absolut b\u00e4sta lokalerna f\u00e5r vi ocks\u00e5 tillg\u00e5ng till dem.<br><br>Sammanfattningsvis: Nu kan vi hj\u00e4lpa v\u00e5ra medlemmar att vara kreativa, effektiva och v\u00e4xa p\u00e5 ett \u00e4nnu b\u00e4ttre s\u00e4tt. S\u00e5, oavsett vart din verksamhet \u00e4r p\u00e5 v\u00e4g, hj\u00e4lper vi dig att n\u00e5 dit. Tillsammans!<\/p>\n<\/div>\n<\/div>\n<\/div>\n<\/section>\n","protected":false},"excerpt":{"rendered":"","protected":false},"author":1,"featured_media":0,"parent":0,"menu_order":0,"comment_status":"closed","ping_status":"closed","template":"","meta":{"inline_featured_image":false,"footnotes":""},"class_list":["post-6955","page","type-page","status-publish","hentry"],"yoast_head":"<!-- This site is optimized with the Yoast SEO plugin v27.1.1 - https:\/\/yoast.com\/product\/yoast-seo-wordpress\/ -->\n<title>Vad \u00e4r coworking p\u00e5 United Spaces?<\/title>\n<meta name=\"description\" content=\"Coworking \u00e4r en arbetsmodell d\u00e4r olika m\u00e4nniskor delar en arbetsyta och kan arbeta tillsammans eller sj\u00e4lvst\u00e4ndigt i en gemensam milj\u00f6. L\u00e4s mer \u2192\" \/>\n<meta name=\"robots\" content=\"index, follow, max-snippet:-1, max-image-preview:large, max-video-preview:-1\" \/>\n<link rel=\"canonical\" href=\"https:\/\/unitedspaces.com\/sv\/vad-ar-coworking\" \/>\n<meta property=\"og:locale\" content=\"sv_SE\" \/>\n<meta property=\"og:type\" content=\"article\" \/>\n<meta property=\"og:title\" content=\"Vad \u00e4r coworking p\u00e5 United Spaces?\" \/>\n<meta property=\"og:description\" content=\"Coworking \u00e4r en arbetsmodell d\u00e4r olika m\u00e4nniskor delar en arbetsyta och kan arbeta tillsammans eller sj\u00e4lvst\u00e4ndigt i en gemensam milj\u00f6. L\u00e4s mer \u2192\" \/>\n<meta property=\"og:url\" content=\"https:\/\/unitedspaces.com\/sv\/vad-ar-coworking\" \/>\n<meta property=\"og:site_name\" content=\"United Spaces\" \/>\n<meta property=\"article:modified_time\" content=\"2026-03-12T11:14:46+00:00\" \/>\n<meta property=\"og:image\" content=\"https:\/\/unitedspaces.com\/wp-content\/uploads\/2023\/09\/sthlm_wide.jpg\" \/>\n<meta name=\"twitter:card\" content=\"summary_large_image\" \/>\n<meta name=\"twitter:label1\" content=\"Ber\u00e4knad l\u00e4stid\" \/>\n\t<meta name=\"twitter:data1\" content=\"6 minuter\" \/>\n<script type=\"application\/ld+json\" class=\"yoast-schema-graph\">{\"@context\":\"https:\/\/schema.org\",\"@graph\":[{\"@type\":\"WebPage\",\"@id\":\"https:\/\/unitedspaces.com\/sv\/vad-ar-coworking\",\"url\":\"https:\/\/unitedspaces.com\/sv\/vad-ar-coworking\",\"name\":\"Vad \u00e4r coworking p\u00e5 United Spaces?\",\"isPartOf\":{\"@id\":\"https:\/\/unitedspaces.com\/en\/#website\"},\"primaryImageOfPage\":{\"@id\":\"https:\/\/unitedspaces.com\/sv\/vad-ar-coworking#primaryimage\"},\"image\":{\"@id\":\"https:\/\/unitedspaces.com\/sv\/vad-ar-coworking#primaryimage\"},\"thumbnailUrl\":\"https:\/\/unitedspaces.com\/wp-content\/uploads\/2023\/09\/sthlm_wide.jpg\",\"datePublished\":\"2023-10-26T11:21:14+00:00\",\"dateModified\":\"2026-03-12T11:14:46+00:00\",\"description\":\"Coworking \u00e4r en arbetsmodell d\u00e4r olika m\u00e4nniskor delar en arbetsyta och kan arbeta tillsammans eller sj\u00e4lvst\u00e4ndigt i en gemensam milj\u00f6. L\u00e4s mer \u2192\",\"breadcrumb\":{\"@id\":\"https:\/\/unitedspaces.com\/sv\/vad-ar-coworking#breadcrumb\"},\"inLanguage\":\"sv-SE\",\"potentialAction\":[{\"@type\":\"ReadAction\",\"target\":[\"https:\/\/unitedspaces.com\/sv\/vad-ar-coworking\"]}]},{\"@type\":\"ImageObject\",\"inLanguage\":\"sv-SE\",\"@id\":\"https:\/\/unitedspaces.com\/sv\/vad-ar-coworking#primaryimage\",\"url\":\"https:\/\/unitedspaces.com\/wp-content\/uploads\/2023\/09\/sthlm_wide.jpg\",\"contentUrl\":\"https:\/\/unitedspaces.com\/wp-content\/uploads\/2023\/09\/sthlm_wide.jpg\"},{\"@type\":\"BreadcrumbList\",\"@id\":\"https:\/\/unitedspaces.com\/sv\/vad-ar-coworking#breadcrumb\",\"itemListElement\":[{\"@type\":\"ListItem\",\"position\":1,\"name\":\"Home\",\"item\":\"https:\/\/unitedspaces.com\/sv\"},{\"@type\":\"ListItem\",\"position\":2,\"name\":\"Det h\u00e4r \u00e4r coworking p\u00e5 United Spaces\"}]},{\"@type\":\"WebSite\",\"@id\":\"https:\/\/unitedspaces.com\/en\/#website\",\"url\":\"https:\/\/unitedspaces.com\/en\/\",\"name\":\"United Spaces\",\"description\":\"\",\"publisher\":{\"@id\":\"https:\/\/unitedspaces.com\/en\/#organization\"},\"potentialAction\":[{\"@type\":\"SearchAction\",\"target\":{\"@type\":\"EntryPoint\",\"urlTemplate\":\"https:\/\/unitedspaces.com\/en\/?s={search_term_string}\"},\"query-input\":{\"@type\":\"PropertyValueSpecification\",\"valueRequired\":true,\"valueName\":\"search_term_string\"}}],\"inLanguage\":\"sv-SE\"},{\"@type\":\"Organization\",\"@id\":\"https:\/\/unitedspaces.com\/en\/#organization\",\"name\":\"United Spaces\",\"url\":\"https:\/\/unitedspaces.com\/en\/\",\"logo\":{\"@type\":\"ImageObject\",\"inLanguage\":\"sv-SE\",\"@id\":\"https:\/\/unitedspaces.com\/en\/#\/schema\/logo\/image\/\",\"url\":\"https:\/\/unitedspaces.com\/wp-content\/uploads\/2023\/09\/logo.svg\",\"contentUrl\":\"https:\/\/unitedspaces.com\/wp-content\/uploads\/2023\/09\/logo.svg\",\"width\":100,\"height\":38,\"caption\":\"United Spaces\"},\"image\":{\"@id\":\"https:\/\/unitedspaces.com\/en\/#\/schema\/logo\/image\/\"}}]}<\/script>\n<!-- \/ Yoast SEO plugin. -->","yoast_head_json":{"title":"Vad \u00e4r coworking p\u00e5 United Spaces?","description":"Coworking \u00e4r en arbetsmodell d\u00e4r olika m\u00e4nniskor delar en arbetsyta och kan arbeta tillsammans eller sj\u00e4lvst\u00e4ndigt i en gemensam milj\u00f6. L\u00e4s mer \u2192","robots":{"index":"index","follow":"follow","max-snippet":"max-snippet:-1","max-image-preview":"max-image-preview:large","max-video-preview":"max-video-preview:-1"},"canonical":"https:\/\/unitedspaces.com\/sv\/vad-ar-coworking","og_locale":"sv_SE","og_type":"article","og_title":"Vad \u00e4r coworking p\u00e5 United Spaces?","og_description":"Coworking \u00e4r en arbetsmodell d\u00e4r olika m\u00e4nniskor delar en arbetsyta och kan arbeta tillsammans eller sj\u00e4lvst\u00e4ndigt i en gemensam milj\u00f6. L\u00e4s mer \u2192","og_url":"https:\/\/unitedspaces.com\/sv\/vad-ar-coworking","og_site_name":"United Spaces","article_modified_time":"2026-03-12T11:14:46+00:00","og_image":[{"url":"https:\/\/unitedspaces.com\/wp-content\/uploads\/2023\/09\/sthlm_wide.jpg","type":"","width":"","height":""}],"twitter_card":"summary_large_image","twitter_misc":{"Ber\u00e4knad l\u00e4stid":"6 minuter"},"schema":{"@context":"https:\/\/schema.org","@graph":[{"@type":"WebPage","@id":"https:\/\/unitedspaces.com\/sv\/vad-ar-coworking","url":"https:\/\/unitedspaces.com\/sv\/vad-ar-coworking","name":"Vad \u00e4r coworking p\u00e5 United Spaces?","isPartOf":{"@id":"https:\/\/unitedspaces.com\/en\/#website"},"primaryImageOfPage":{"@id":"https:\/\/unitedspaces.com\/sv\/vad-ar-coworking#primaryimage"},"image":{"@id":"https:\/\/unitedspaces.com\/sv\/vad-ar-coworking#primaryimage"},"thumbnailUrl":"https:\/\/unitedspaces.com\/wp-content\/uploads\/2023\/09\/sthlm_wide.jpg","datePublished":"2023-10-26T11:21:14+00:00","dateModified":"2026-03-12T11:14:46+00:00","description":"Coworking \u00e4r en arbetsmodell d\u00e4r olika m\u00e4nniskor delar en arbetsyta och kan arbeta tillsammans eller sj\u00e4lvst\u00e4ndigt i en gemensam milj\u00f6. L\u00e4s mer \u2192","breadcrumb":{"@id":"https:\/\/unitedspaces.com\/sv\/vad-ar-coworking#breadcrumb"},"inLanguage":"sv-SE","potentialAction":[{"@type":"ReadAction","target":["https:\/\/unitedspaces.com\/sv\/vad-ar-coworking"]}]},{"@type":"ImageObject","inLanguage":"sv-SE","@id":"https:\/\/unitedspaces.com\/sv\/vad-ar-coworking#primaryimage","url":"https:\/\/unitedspaces.com\/wp-content\/uploads\/2023\/09\/sthlm_wide.jpg","contentUrl":"https:\/\/unitedspaces.com\/wp-content\/uploads\/2023\/09\/sthlm_wide.jpg"},{"@type":"BreadcrumbList","@id":"https:\/\/unitedspaces.com\/sv\/vad-ar-coworking#breadcrumb","itemListElement":[{"@type":"ListItem","position":1,"name":"Home","item":"https:\/\/unitedspaces.com\/sv"},{"@type":"ListItem","position":2,"name":"Det h\u00e4r \u00e4r coworking p\u00e5 United Spaces"}]},{"@type":"WebSite","@id":"https:\/\/unitedspaces.com\/en\/#website","url":"https:\/\/unitedspaces.com\/en\/","name":"United Spaces","description":"","publisher":{"@id":"https:\/\/unitedspaces.com\/en\/#organization"},"potentialAction":[{"@type":"SearchAction","target":{"@type":"EntryPoint","urlTemplate":"https:\/\/unitedspaces.com\/en\/?s={search_term_string}"},"query-input":{"@type":"PropertyValueSpecification","valueRequired":true,"valueName":"search_term_string"}}],"inLanguage":"sv-SE"},{"@type":"Organization","@id":"https:\/\/unitedspaces.com\/en\/#organization","name":"United Spaces","url":"https:\/\/unitedspaces.com\/en\/","logo":{"@type":"ImageObject","inLanguage":"sv-SE","@id":"https:\/\/unitedspaces.com\/en\/#\/schema\/logo\/image\/","url":"https:\/\/unitedspaces.com\/wp-content\/uploads\/2023\/09\/logo.svg","contentUrl":"https:\/\/unitedspaces.com\/wp-content\/uploads\/2023\/09\/logo.svg","width":100,"height":38,"caption":"United Spaces"},"image":{"@id":"https:\/\/unitedspaces.com\/en\/#\/schema\/logo\/image\/"}}]}},"_links":{"self":[{"href":"https:\/\/unitedspaces.com\/sv\/wp-json\/wp\/v2\/pages\/6955","targetHints":{"allow":["GET"]}}],"collection":[{"href":"https:\/\/unitedspaces.com\/sv\/wp-json\/wp\/v2\/pages"}],"about":[{"href":"https:\/\/unitedspaces.com\/sv\/wp-json\/wp\/v2\/types\/page"}],"author":[{"embeddable":true,"href":"https:\/\/unitedspaces.com\/sv\/wp-json\/wp\/v2\/users\/1"}],"replies":[{"embeddable":true,"href":"https:\/\/unitedspaces.com\/sv\/wp-json\/wp\/v2\/comments?post=6955"}],"version-history":[{"count":16,"href":"https:\/\/unitedspaces.com\/sv\/wp-json\/wp\/v2\/pages\/6955\/revisions"}],"predecessor-version":[{"id":877316,"href":"https:\/\/unitedspaces.com\/sv\/wp-json\/wp\/v2\/pages\/6955\/revisions\/877316"}],"wp:attachment":[{"href":"https:\/\/unitedspaces.com\/sv\/wp-json\/wp\/v2\/media?parent=6955"}],"curies":[{"name":"wp","href":"https:\/\/api.w.org\/{rel}","templated":true}]}}